{"id":57,"date":"2025-09-12T13:54:50","date_gmt":"2025-09-12T13:54:50","guid":{"rendered":"http:\/\/perigord-in.fr\/?page_id=57"},"modified":"2025-10-01T16:51:11","modified_gmt":"2025-10-01T16:51:11","slug":"medialab-mobile","status":"publish","type":"page","link":"https:\/\/perigord-in.fr\/index.php\/medialab-mobile\/","title":{"rendered":"MediaLab Mobile"},"content":{"rendered":"\t\t<div data-elementor-type=\"wp-page\" data-elementor-id=\"57\" class=\"elementor elementor-57\" data-elementor-settings=\"{&quot;ha_cmc_init_switcher&quot;:&quot;no&quot;}\">\n\t\t\t\t<div class=\"elementor-element elementor-element-8f6d8c7 e-con-full e-flex e-con e-parent\" data-id=\"8f6d8c7\" data-element_type=\"container\" data-settings=\"{&quot;background_background&quot;:&quot;classic&quot;,&quot;_ha_eqh_enable&quot;:false}\">\n\t\t<div class=\"elementor-element elementor-element-a5124e1 e-flex e-con-boxed e-con e-child\" data-id=\"a5124e1\" data-element_type=\"container\" data-settings=\"{&quot;_ha_eqh_enable&quot;:false}\">\n\t\t\t\t\t<div class=\"e-con-inner\">\n\t\t\t\t<div class=\"elementor-element elementor-element-0279c7d elementor-widget elementor-widget-heading\" data-id=\"0279c7d\" data-element_type=\"widget\" data-widget_type=\"heading.default\">\n\t\t\t\t\t<h2 class=\"elementor-heading-title elementor-size-default\">MediaLab mobile<\/h2>\t\t\t\t<\/div>\n\t\t\t\t\t<\/div>\n\t\t\t\t<\/div>\n\t\t\t\t<\/div>\n\t\t<div class=\"elementor-element elementor-element-e3a4178 e-flex e-con-boxed e-con e-parent\" data-id=\"e3a4178\" data-element_type=\"container\" data-settings=\"{&quot;background_background&quot;:&quot;classic&quot;,&quot;_ha_eqh_enable&quot;:false}\">\n\t\t\t\t\t<div class=\"e-con-inner\">\n\t\t<div class=\"elementor-element elementor-element-a1c9dbe e-con-full e-flex e-con e-child\" data-id=\"a1c9dbe\" data-element_type=\"container\" data-settings=\"{&quot;_ha_eqh_enable&quot;:false}\">\n\t\t\t\t<div class=\"elementor-element elementor-element-7e07c94 elementor-widget-divider--view-line elementor-widget elementor-widget-divider\" data-id=\"7e07c94\" data-element_type=\"widget\" data-widget_type=\"divider.default\">\n\t\t\t\t\t\t\t<div class=\"elementor-divider\">\n\t\t\t<span class=\"elementor-divider-separator\">\n\t\t\t\t\t\t<\/span>\n\t\t<\/div>\n\t\t\t\t\t\t<\/div>\n\t\t\t\t<div class=\"elementor-element elementor-element-cc4eca2 elementor-widget elementor-widget-heading\" data-id=\"cc4eca2\" data-element_type=\"widget\" data-widget_type=\"heading.default\">\n\t\t\t\t\t<h2 class=\"elementor-heading-title elementor-size-default\"><p style=\"margin-bottom: 0px;font-style: normal;font-size: 24px;line-height: normal;font-family: Helvetica\">Cr\u00e9ation d'un journal participatif pour permettre \u00e0 votre public de (re)d\u00e9couvrir et faire conna\u00eetre son lieu de vie. Quel que soit le format (en ligne, papier), je vous accompagne dans les \u00e9tapes de sa fabrication, et la mise en place de la r\u00e9daction.&nbsp;<span style=\"font-family: var( --e-global-typography-primary-font-family ), Sans-serif;font-size: 1.875rem;font-style: inherit;font-weight: var( --e-global-typography-primary-font-weight );text-align: var(--text-align)\"><\/span><\/p><\/h2>\t\t\t\t<\/div>\n\t\t\t\t<div class=\"elementor-element elementor-element-392b5eb elementor-icon-list--layout-traditional elementor-list-item-link-full_width elementor-widget elementor-widget-icon-list\" data-id=\"392b5eb\" data-element_type=\"widget\" data-widget_type=\"icon-list.default\">\n\t\t\t\t\t\t\t<ul class=\"elementor-icon-list-items\">\n\t\t\t\t\t\t\t<li class=\"elementor-icon-list-item\">\n\t\t\t\t\t\t\t\t\t\t\t<span class=\"elementor-icon-list-icon\">\n\t\t\t\t\t\t\t<svg aria-hidden=\"true\" class=\"e-font-icon-svg e-fas-child\" viewBox=\"0 0 384 512\" xmlns=\"http:\/\/www.w3.org\/2000\/svg\"><path d=\"M120 72c0-39.765 32.235-72 72-72s72 32.235 72 72c0 39.764-32.235 72-72 72s-72-32.236-72-72zm254.627 1.373c-12.496-12.497-32.758-12.497-45.254 0L242.745 160H141.254L54.627 73.373c-12.496-12.497-32.758-12.497-45.254 0-12.497 12.497-12.497 32.758 0 45.255L104 213.254V480c0 17.673 14.327 32 32 32h16c17.673 0 32-14.327 32-32V368h16v112c0 17.673 14.327 32 32 32h16c17.673 0 32-14.327 32-32V213.254l94.627-94.627c12.497-12.497 12.497-32.757 0-45.254z\"><\/path><\/svg>\t\t\t\t\t\t<\/span>\n\t\t\t\t\t\t\t\t\t\t<span class=\"elementor-icon-list-text\">\u00c0 partir de 12 ans<\/span>\n\t\t\t\t\t\t\t\t\t<\/li>\n\t\t\t\t\t\t<\/ul>\n\t\t\t\t\t\t<\/div>\n\t\t\t\t<div class=\"elementor-element elementor-element-81fb560 elementor-widget elementor-widget-text-editor\" data-id=\"81fb560\" data-element_type=\"widget\" data-widget_type=\"text-editor.default\">\n\t\t\t\t\t\t\t\t\t<p>L&#8217;id\u00e9al pour entrer dans la pratique des ateliers d&#8217;\u00e9ducation aux m\u00e9dias : ligne \u00e9ditoriale, angles, techniques journalistiques&#8230; Ateliers r\u00e9alis\u00e9s en co-construction avec les structures jeunesse. Adaptation aux demandes tout public.<span class=\"Apple-converted-space\">\u00a0<\/span><\/p>\t\t\t\t\t\t\t\t<\/div>\n\t\t<div class=\"elementor-element elementor-element-4fb586b e-con-full e-flex e-con e-child\" data-id=\"4fb586b\" data-element_type=\"container\" data-settings=\"{&quot;_ha_eqh_enable&quot;:false}\">\n\t\t<div class=\"elementor-element elementor-element-440cfd7 e-con-full e-flex e-con e-child\" data-id=\"440cfd7\" data-element_type=\"container\" data-settings=\"{&quot;_ha_eqh_enable&quot;:false}\">\n\t\t\t\t<\/div>\n\t\t\t\t<\/div>\n\t\t\t\t<\/div>\n\t\t\t\t\t<\/div>\n\t\t\t\t<\/div>\n\t\t<div class=\"elementor-element elementor-element-4395a4f e-con-full e-flex e-con e-parent\" data-id=\"4395a4f\" data-element_type=\"container\" data-settings=\"{&quot;_ha_eqh_enable&quot;:false}\">\n\t\t\t\t<\/div>\n\t\t\t\t<\/div>\n\t\t","protected":false},"excerpt":{"rendered":"<p>MediaLab mobile Cr\u00e9ation d&#8217;un journal participatif pour permettre \u00e0 votre public de (re)d\u00e9couvrir et faire conna\u00eetre son lieu de vie. [&hellip;]<\/p>\n","protected":false},"author":2,"featured_media":0,"parent":0,"menu_order":0,"comment_status":"closed","ping_status":"closed","template":"","meta":{"site-sidebar-layout":"no-sidebar","site-content-layout":"","ast-site-content-layout":"full-width-container","site-content-style":"default","site-sidebar-style":"default","ast-global-header-display":"","ast-banner-title-visibility":"","ast-main-header-display":"","ast-hfb-above-header-display":"","ast-hfb-below-header-display":"","ast-hfb-mobile-header-display":"","site-post-title":"disabled","ast-breadcrumbs-content":"","ast-featured-img":"disabled","footer-sml-layout":"","theme-transparent-header-meta":"","adv-header-id-meta":"","stick-header-meta":"","header-above-stick-meta":"","header-main-stick-meta":"","header-below-stick-meta":"","astra-migrate-meta-layouts":"default","ast-page-background-enabled":"default","ast-page-background-meta":{"desktop":{"background-color":"var(--ast-global-color-5)","background-image":"","background-repeat":"repeat","background-position":"center center","background-size":"auto","background-attachment":"scroll","background-type":"","background-media":"","overlay-type":"","overlay-color":"","overlay-opacity":"","overlay-gradient":""},"tablet":{"background-color":"","background-image":"","background-repeat":"repeat","background-position":"center center","background-size":"auto","background-attachment":"scroll","background-type":"","background-media":"","overlay-type":"","overlay-color":"","overlay-opacity":"","overlay-gradient":""},"mobile":{"background-color":"","background-image":"","background-repeat":"repeat","background-position":"center center","background-size":"auto","background-attachment":"scroll","background-type":"","background-media":"","overlay-type":"","overlay-color":"","overlay-opacity":"","overlay-gradient":""}},"ast-content-background-meta":{"desktop":{"background-color":"var(--ast-global-color-4)","background-image":"","background-repeat":"repeat","background-position":"center center","background-size":"auto","background-attachment":"scroll","background-type":"","background-media":"","overlay-type":"","overlay-color":"","overlay-opacity":"","overlay-gradient":""},"tablet":{"background-color":"var(--ast-global-color-4)","background-image":"","background-repeat":"repeat","background-position":"center center","background-size":"auto","background-attachment":"scroll","background-type":"","background-media":"","overlay-type":"","overlay-color":"","overlay-opacity":"","overlay-gradient":""},"mobile":{"background-color":"var(--ast-global-color-4)","background-image":"","background-repeat":"repeat","background-position":"center center","background-size":"auto","background-attachment":"scroll","background-type":"","background-media":"","overlay-type":"","overlay-color":"","overlay-opacity":"","overlay-gradient":""}},"footnotes":""},"class_list":["post-57","page","type-page","status-publish","hentry"],"yoast_head":"<!-- This site is optimized with the Yoast SEO plugin v25.6 - https:\/\/yoast.com\/wordpress\/plugins\/seo\/ -->\n<title>MediaLab Mobile - Perigord&#039;In<\/title>\n<meta name=\"robots\" content=\"index, follow, max-snippet:-1, max-image-preview:large, max-video-preview:-1\" \/>\n<link rel=\"canonical\" href=\"https:\/\/perigord-in.fr\/index.php\/medialab-mobile\/\" \/>\n<meta property=\"og:locale\" content=\"en_US\" \/>\n<meta property=\"og:type\" content=\"article\" \/>\n<meta property=\"og:title\" content=\"MediaLab Mobile - Perigord&#039;In\" \/>\n<meta property=\"og:description\" content=\"MediaLab mobile Cr\u00e9ation d&#8217;un journal participatif pour permettre \u00e0 votre public de (re)d\u00e9couvrir et faire conna\u00eetre son lieu de vie. [&hellip;]\" \/>\n<meta property=\"og:url\" content=\"https:\/\/perigord-in.fr\/index.php\/medialab-mobile\/\" \/>\n<meta property=\"og:site_name\" content=\"Perigord&#039;In\" \/>\n<meta property=\"article:modified_time\" content=\"2025-10-01T16:51:11+00:00\" \/>\n<meta name=\"twitter:card\" content=\"summary_large_image\" \/>\n<meta name=\"twitter:label1\" content=\"Est. reading time\" \/>\n\t<meta name=\"twitter:data1\" content=\"1 minute\" \/>\n<script type=\"application\/ld+json\" class=\"yoast-schema-graph\">{\"@context\":\"https:\/\/schema.org\",\"@graph\":[{\"@type\":\"WebPage\",\"@id\":\"https:\/\/perigord-in.fr\/index.php\/medialab-mobile\/\",\"url\":\"https:\/\/perigord-in.fr\/index.php\/medialab-mobile\/\",\"name\":\"MediaLab Mobile - Perigord&#039;In\",\"isPartOf\":{\"@id\":\"http:\/\/perigord-in.fr\/#website\"},\"datePublished\":\"2025-09-12T13:54:50+00:00\",\"dateModified\":\"2025-10-01T16:51:11+00:00\",\"breadcrumb\":{\"@id\":\"https:\/\/perigord-in.fr\/index.php\/medialab-mobile\/#breadcrumb\"},\"inLanguage\":\"en-US\",\"potentialAction\":[{\"@type\":\"ReadAction\",\"target\":[\"https:\/\/perigord-in.fr\/index.php\/medialab-mobile\/\"]}]},{\"@type\":\"BreadcrumbList\",\"@id\":\"https:\/\/perigord-in.fr\/index.php\/medialab-mobile\/#breadcrumb\",\"itemListElement\":[{\"@type\":\"ListItem\",\"position\":1,\"name\":\"Home\",\"item\":\"http:\/\/perigord-in.fr\/\"},{\"@type\":\"ListItem\",\"position\":2,\"name\":\"MediaLab Mobile\"}]},{\"@type\":\"WebSite\",\"@id\":\"http:\/\/perigord-in.fr\/#website\",\"url\":\"http:\/\/perigord-in.fr\/\",\"name\":\"Perigord&#039;In\",\"description\":\"\",\"publisher\":{\"@id\":\"http:\/\/perigord-in.fr\/#organization\"},\"potentialAction\":[{\"@type\":\"SearchAction\",\"target\":{\"@type\":\"EntryPoint\",\"urlTemplate\":\"http:\/\/perigord-in.fr\/?s={search_term_string}\"},\"query-input\":{\"@type\":\"PropertyValueSpecification\",\"valueRequired\":true,\"valueName\":\"search_term_string\"}}],\"inLanguage\":\"en-US\"},{\"@type\":\"Organization\",\"@id\":\"http:\/\/perigord-in.fr\/#organization\",\"name\":\"Perigord&#039;In\",\"url\":\"http:\/\/perigord-in.fr\/\",\"logo\":{\"@type\":\"ImageObject\",\"inLanguage\":\"en-US\",\"@id\":\"http:\/\/perigord-in.fr\/#\/schema\/logo\/image\/\",\"url\":\"https:\/\/perigord-in.fr\/wp-content\/uploads\/2025\/10\/cropped-PX-baseline@2x-scaled-1.png\",\"contentUrl\":\"https:\/\/perigord-in.fr\/wp-content\/uploads\/2025\/10\/cropped-PX-baseline@2x-scaled-1.png\",\"width\":2560,\"height\":854,\"caption\":\"Perigord&#039;In\"},\"image\":{\"@id\":\"http:\/\/perigord-in.fr\/#\/schema\/logo\/image\/\"}}]}<\/script>\n<!-- \/ Yoast SEO plugin. -->","yoast_head_json":{"title":"MediaLab Mobile - Perigord&#039;In","robots":{"index":"index","follow":"follow","max-snippet":"max-snippet:-1","max-image-preview":"max-image-preview:large","max-video-preview":"max-video-preview:-1"},"canonical":"https:\/\/perigord-in.fr\/index.php\/medialab-mobile\/","og_locale":"en_US","og_type":"article","og_title":"MediaLab Mobile - Perigord&#039;In","og_description":"MediaLab mobile Cr\u00e9ation d&#8217;un journal participatif pour permettre \u00e0 votre public de (re)d\u00e9couvrir et faire conna\u00eetre son lieu de vie. [&hellip;]","og_url":"https:\/\/perigord-in.fr\/index.php\/medialab-mobile\/","og_site_name":"Perigord&#039;In","article_modified_time":"2025-10-01T16:51:11+00:00","twitter_card":"summary_large_image","twitter_misc":{"Est. reading time":"1 minute"},"schema":{"@context":"https:\/\/schema.org","@graph":[{"@type":"WebPage","@id":"https:\/\/perigord-in.fr\/index.php\/medialab-mobile\/","url":"https:\/\/perigord-in.fr\/index.php\/medialab-mobile\/","name":"MediaLab Mobile - Perigord&#039;In","isPartOf":{"@id":"http:\/\/perigord-in.fr\/#website"},"datePublished":"2025-09-12T13:54:50+00:00","dateModified":"2025-10-01T16:51:11+00:00","breadcrumb":{"@id":"https:\/\/perigord-in.fr\/index.php\/medialab-mobile\/#breadcrumb"},"inLanguage":"en-US","potentialAction":[{"@type":"ReadAction","target":["https:\/\/perigord-in.fr\/index.php\/medialab-mobile\/"]}]},{"@type":"BreadcrumbList","@id":"https:\/\/perigord-in.fr\/index.php\/medialab-mobile\/#breadcrumb","itemListElement":[{"@type":"ListItem","position":1,"name":"Home","item":"http:\/\/perigord-in.fr\/"},{"@type":"ListItem","position":2,"name":"MediaLab Mobile"}]},{"@type":"WebSite","@id":"http:\/\/perigord-in.fr\/#website","url":"http:\/\/perigord-in.fr\/","name":"Perigord&#039;In","description":"","publisher":{"@id":"http:\/\/perigord-in.fr\/#organization"},"potentialAction":[{"@type":"SearchAction","target":{"@type":"EntryPoint","urlTemplate":"http:\/\/perigord-in.fr\/?s={search_term_string}"},"query-input":{"@type":"PropertyValueSpecification","valueRequired":true,"valueName":"search_term_string"}}],"inLanguage":"en-US"},{"@type":"Organization","@id":"http:\/\/perigord-in.fr\/#organization","name":"Perigord&#039;In","url":"http:\/\/perigord-in.fr\/","logo":{"@type":"ImageObject","inLanguage":"en-US","@id":"http:\/\/perigord-in.fr\/#\/schema\/logo\/image\/","url":"https:\/\/perigord-in.fr\/wp-content\/uploads\/2025\/10\/cropped-PX-baseline@2x-scaled-1.png","contentUrl":"https:\/\/perigord-in.fr\/wp-content\/uploads\/2025\/10\/cropped-PX-baseline@2x-scaled-1.png","width":2560,"height":854,"caption":"Perigord&#039;In"},"image":{"@id":"http:\/\/perigord-in.fr\/#\/schema\/logo\/image\/"}}]}},"_links":{"self":[{"href":"https:\/\/perigord-in.fr\/index.php\/wp-json\/wp\/v2\/pages\/57","targetHints":{"allow":["GET"]}}],"collection":[{"href":"https:\/\/perigord-in.fr\/index.php\/wp-json\/wp\/v2\/pages"}],"about":[{"href":"https:\/\/perigord-in.fr\/index.php\/wp-json\/wp\/v2\/types\/page"}],"author":[{"embeddable":true,"href":"https:\/\/perigord-in.fr\/index.php\/wp-json\/wp\/v2\/users\/2"}],"replies":[{"embeddable":true,"href":"https:\/\/perigord-in.fr\/index.php\/wp-json\/wp\/v2\/comments?post=57"}],"version-history":[{"count":7,"href":"https:\/\/perigord-in.fr\/index.php\/wp-json\/wp\/v2\/pages\/57\/revisions"}],"predecessor-version":[{"id":124,"href":"https:\/\/perigord-in.fr\/index.php\/wp-json\/wp\/v2\/pages\/57\/revisions\/124"}],"wp:attachment":[{"href":"https:\/\/perigord-in.fr\/index.php\/wp-json\/wp\/v2\/media?parent=57"}],"curies":[{"name":"wp","href":"https:\/\/api.w.org\/{rel}","templated":true}]}}